{"id":21428,"date":"2025-11-17T09:35:47","date_gmt":"2025-11-17T09:35:47","guid":{"rendered":"https:\/\/elteuperfum.com\/?post_type=product&#038;p=21428"},"modified":"2025-12-09T10:35:36","modified_gmt":"2025-12-09T09:35:36","slug":"197-equivalencia-sauvage-2015-de-christian-dior","status":"publish","type":"product","link":"https:\/\/elteuperfum.com\/ca\/producto\/197-equivalencia-sauvage-2015-de-christian-dior\/","title":{"rendered":"#197- Equivalencia Sauvage 2015 de Christian Dior"},"content":{"rendered":"<div id=\"pageContainer25\" class=\"_page_x434h_98\" role=\"presentation\" data-index=\"24\" aria-label=\"P\u00e1gina 25\">\n<p>familia olfativa Arom\u00e1tica Foug\u00e8re para Hombres.<br \/>\nLas Notas de Salida son pimienta y bergamota de Calabria.<br \/>\nLas Notas de Coraz\u00f3n son geranio, lavanda, pimienta de Sichuan, elem\u00ed, pimienta rosa, vetiver y pachul\u00ed. Las<br \/>\nNotas de Fondo son cedro, l\u00e1dano y ambroxan.<\/p>\n<\/div>\n","protected":false},"excerpt":{"rendered":"<p>familia olfativa Arom\u00e1tica Foug\u00e8re para Hombres. Las Notas de Salida son pimienta y bergamota de Calabria. Las Notas de Coraz\u00f3n<\/p>\n","protected":false},"featured_media":21988,"comment_status":"open","ping_status":"closed","template":"","meta":[],"product_brand":[],"product_cat":[105,103,101],"product_tag":[],"class_list":{"0":"post-21428","1":"product","2":"type-product","3":"status-publish","4":"has-post-thumbnail","6":"product_cat-equivalencia-a-dior","7":"product_cat-para-hombre","8":"product_cat-perfumes","10":"first","11":"instock","12":"shipping-taxable","13":"purchasable","14":"product-type-variable"},"yoast_head":"<!-- This site is optimized with the Yoast SEO plugin v26.5 - https:\/\/yoast.com\/wordpress\/plugins\/seo\/ -->\n<title>#197- Equivalencia Sauvage 2015 de Christian Dior - El teu perfum<\/title>\n<meta name=\"robots\" content=\"index, follow, max-snippet:-1, max-image-preview:large, max-video-preview:-1\" \/>\n<link rel=\"canonical\" href=\"https:\/\/elteuperfum.com\/producto\/197-equivalencia-sauvage-2015-de-christian-dior\/\" \/>\n<meta property=\"og:locale\" content=\"ca_ES\" \/>\n<meta property=\"og:type\" content=\"article\" \/>\n<meta property=\"og:title\" content=\"#197- Equivalencia Sauvage 2015 de Christian Dior - El teu perfum\" \/>\n<meta property=\"og:description\" content=\"familia olfativa Arom\u00e1tica Foug\u00e8re para Hombres. Las Notas de Salida son pimienta y bergamota de Calabria. Las Notas de Coraz\u00f3n\" \/>\n<meta property=\"og:url\" content=\"https:\/\/elteuperfum.com\/producto\/197-equivalencia-sauvage-2015-de-christian-dior\/\" \/>\n<meta property=\"og:site_name\" content=\"El teu perfum\" \/>\n<meta property=\"article:modified_time\" content=\"2025-12-09T09:35:36+00:00\" \/>\n<meta property=\"og:image\" content=\"https:\/\/elteuperfum.com\/wp-content\/uploads\/2025\/11\/100-ML-MASC.jpg\" \/>\n\t<meta property=\"og:image:width\" content=\"2000\" \/>\n\t<meta property=\"og:image:height\" content=\"2000\" \/>\n\t<meta property=\"og:image:type\" content=\"image\/jpeg\" \/>\n<meta name=\"twitter:card\" content=\"summary_large_image\" \/>\n<script type=\"application\/ld+json\" class=\"yoast-schema-graph\">{\"@context\":\"https:\/\/schema.org\",\"@graph\":[{\"@type\":\"WebPage\",\"@id\":\"https:\/\/elteuperfum.com\/producto\/197-equivalencia-sauvage-2015-de-christian-dior\/\",\"url\":\"https:\/\/elteuperfum.com\/producto\/197-equivalencia-sauvage-2015-de-christian-dior\/\",\"name\":\"#197- Equivalencia Sauvage 2015 de Christian Dior - El teu perfum\",\"isPartOf\":{\"@id\":\"https:\/\/elteuperfum.com\/#website\"},\"primaryImageOfPage\":{\"@id\":\"https:\/\/elteuperfum.com\/producto\/197-equivalencia-sauvage-2015-de-christian-dior\/#primaryimage\"},\"image\":{\"@id\":\"https:\/\/elteuperfum.com\/producto\/197-equivalencia-sauvage-2015-de-christian-dior\/#primaryimage\"},\"thumbnailUrl\":\"https:\/\/elteuperfum.com\/wp-content\/uploads\/2025\/11\/100-ML-MASC.jpg\",\"datePublished\":\"2025-11-17T09:35:47+00:00\",\"dateModified\":\"2025-12-09T09:35:36+00:00\",\"breadcrumb\":{\"@id\":\"https:\/\/elteuperfum.com\/producto\/197-equivalencia-sauvage-2015-de-christian-dior\/#breadcrumb\"},\"inLanguage\":\"ca\",\"potentialAction\":[{\"@type\":\"ReadAction\",\"target\":[\"https:\/\/elteuperfum.com\/producto\/197-equivalencia-sauvage-2015-de-christian-dior\/\"]}]},{\"@type\":\"ImageObject\",\"inLanguage\":\"ca\",\"@id\":\"https:\/\/elteuperfum.com\/producto\/197-equivalencia-sauvage-2015-de-christian-dior\/#primaryimage\",\"url\":\"https:\/\/elteuperfum.com\/wp-content\/uploads\/2025\/11\/100-ML-MASC.jpg\",\"contentUrl\":\"https:\/\/elteuperfum.com\/wp-content\/uploads\/2025\/11\/100-ML-MASC.jpg\",\"width\":2000,\"height\":2000},{\"@type\":\"BreadcrumbList\",\"@id\":\"https:\/\/elteuperfum.com\/producto\/197-equivalencia-sauvage-2015-de-christian-dior\/#breadcrumb\",\"itemListElement\":[{\"@type\":\"ListItem\",\"position\":1,\"name\":\"Portada\",\"item\":\"https:\/\/elteuperfum.com\/ca\/\"},{\"@type\":\"ListItem\",\"position\":2,\"name\":\"Botiga\",\"item\":\"https:\/\/elteuperfum.com\/tienda-de-perfumes-online\/\"},{\"@type\":\"ListItem\",\"position\":3,\"name\":\"#197- Equivalencia Sauvage 2015 de Christian Dior\"}]},{\"@type\":\"WebSite\",\"@id\":\"https:\/\/elteuperfum.com\/#website\",\"url\":\"https:\/\/elteuperfum.com\/\",\"name\":\"El teu perfum\",\"description\":\"La teva ess\u00e8ncia, al millor preu.\",\"potentialAction\":[{\"@type\":\"SearchAction\",\"target\":{\"@type\":\"EntryPoint\",\"urlTemplate\":\"https:\/\/elteuperfum.com\/?s={search_term_string}\"},\"query-input\":{\"@type\":\"PropertyValueSpecification\",\"valueRequired\":true,\"valueName\":\"search_term_string\"}}],\"inLanguage\":\"ca\"}]}<\/script>\n<!-- \/ Yoast SEO plugin. -->","yoast_head_json":{"title":"#197- Equivalencia Sauvage 2015 de Christian Dior - El teu perfum","robots":{"index":"index","follow":"follow","max-snippet":"max-snippet:-1","max-image-preview":"max-image-preview:large","max-video-preview":"max-video-preview:-1"},"canonical":"https:\/\/elteuperfum.com\/producto\/197-equivalencia-sauvage-2015-de-christian-dior\/","og_locale":"ca_ES","og_type":"article","og_title":"#197- Equivalencia Sauvage 2015 de Christian Dior - El teu perfum","og_description":"familia olfativa Arom\u00e1tica Foug\u00e8re para Hombres. Las Notas de Salida son pimienta y bergamota de Calabria. Las Notas de Coraz\u00f3n","og_url":"https:\/\/elteuperfum.com\/producto\/197-equivalencia-sauvage-2015-de-christian-dior\/","og_site_name":"El teu perfum","article_modified_time":"2025-12-09T09:35:36+00:00","og_image":[{"width":2000,"height":2000,"url":"https:\/\/elteuperfum.com\/wp-content\/uploads\/2025\/11\/100-ML-MASC.jpg","type":"image\/jpeg"}],"twitter_card":"summary_large_image","schema":{"@context":"https:\/\/schema.org","@graph":[{"@type":"WebPage","@id":"https:\/\/elteuperfum.com\/producto\/197-equivalencia-sauvage-2015-de-christian-dior\/","url":"https:\/\/elteuperfum.com\/producto\/197-equivalencia-sauvage-2015-de-christian-dior\/","name":"#197- Equivalencia Sauvage 2015 de Christian Dior - El teu perfum","isPartOf":{"@id":"https:\/\/elteuperfum.com\/#website"},"primaryImageOfPage":{"@id":"https:\/\/elteuperfum.com\/producto\/197-equivalencia-sauvage-2015-de-christian-dior\/#primaryimage"},"image":{"@id":"https:\/\/elteuperfum.com\/producto\/197-equivalencia-sauvage-2015-de-christian-dior\/#primaryimage"},"thumbnailUrl":"https:\/\/elteuperfum.com\/wp-content\/uploads\/2025\/11\/100-ML-MASC.jpg","datePublished":"2025-11-17T09:35:47+00:00","dateModified":"2025-12-09T09:35:36+00:00","breadcrumb":{"@id":"https:\/\/elteuperfum.com\/producto\/197-equivalencia-sauvage-2015-de-christian-dior\/#breadcrumb"},"inLanguage":"ca","potentialAction":[{"@type":"ReadAction","target":["https:\/\/elteuperfum.com\/producto\/197-equivalencia-sauvage-2015-de-christian-dior\/"]}]},{"@type":"ImageObject","inLanguage":"ca","@id":"https:\/\/elteuperfum.com\/producto\/197-equivalencia-sauvage-2015-de-christian-dior\/#primaryimage","url":"https:\/\/elteuperfum.com\/wp-content\/uploads\/2025\/11\/100-ML-MASC.jpg","contentUrl":"https:\/\/elteuperfum.com\/wp-content\/uploads\/2025\/11\/100-ML-MASC.jpg","width":2000,"height":2000},{"@type":"BreadcrumbList","@id":"https:\/\/elteuperfum.com\/producto\/197-equivalencia-sauvage-2015-de-christian-dior\/#breadcrumb","itemListElement":[{"@type":"ListItem","position":1,"name":"Portada","item":"https:\/\/elteuperfum.com\/ca\/"},{"@type":"ListItem","position":2,"name":"Botiga","item":"https:\/\/elteuperfum.com\/tienda-de-perfumes-online\/"},{"@type":"ListItem","position":3,"name":"#197- Equivalencia Sauvage 2015 de Christian Dior"}]},{"@type":"WebSite","@id":"https:\/\/elteuperfum.com\/#website","url":"https:\/\/elteuperfum.com\/","name":"El teu perfum","description":"La teva ess\u00e8ncia, al millor preu.","potentialAction":[{"@type":"SearchAction","target":{"@type":"EntryPoint","urlTemplate":"https:\/\/elteuperfum.com\/?s={search_term_string}"},"query-input":{"@type":"PropertyValueSpecification","valueRequired":true,"valueName":"search_term_string"}}],"inLanguage":"ca"}]}},"_links":{"self":[{"href":"https:\/\/elteuperfum.com\/ca\/wp-json\/wp\/v2\/product\/21428","targetHints":{"allow":["GET"]}}],"collection":[{"href":"https:\/\/elteuperfum.com\/ca\/wp-json\/wp\/v2\/product"}],"about":[{"href":"https:\/\/elteuperfum.com\/ca\/wp-json\/wp\/v2\/types\/product"}],"replies":[{"embeddable":true,"href":"https:\/\/elteuperfum.com\/ca\/wp-json\/wp\/v2\/comments?post=21428"}],"wp:featuredmedia":[{"embeddable":true,"href":"https:\/\/elteuperfum.com\/ca\/wp-json\/wp\/v2\/media\/21988"}],"wp:attachment":[{"href":"https:\/\/elteuperfum.com\/ca\/wp-json\/wp\/v2\/media?parent=21428"}],"wp:term":[{"taxonomy":"product_brand","embeddable":true,"href":"https:\/\/elteuperfum.com\/ca\/wp-json\/wp\/v2\/product_brand?post=21428"},{"taxonomy":"product_cat","embeddable":true,"href":"https:\/\/elteuperfum.com\/ca\/wp-json\/wp\/v2\/product_cat?post=21428"},{"taxonomy":"product_tag","embeddable":true,"href":"https:\/\/elteuperfum.com\/ca\/wp-json\/wp\/v2\/product_tag?post=21428"}],"curies":[{"name":"wp","href":"https:\/\/api.w.org\/{rel}","templated":true}]}}