{"id":22150,"date":"2025-11-25T06:53:12","date_gmt":"2025-11-25T05:53:12","guid":{"rendered":"https:\/\/elteuperfum.com\/metodo-de-pago-seguro\/"},"modified":"2025-12-09T11:35:09","modified_gmt":"2025-12-09T10:35:09","slug":"metodo-de-pago-seguro","status":"publish","type":"page","link":"https:\/\/elteuperfum.com\/ca\/metodo-de-pago-seguro\/","title":{"rendered":"M\u00e9todo de pago Seguro"},"content":{"rendered":"<div>\n<h2 style= \"text-align: center\">M\u00c8TODE SEGUR DE PAGAMENT.<\/h2>\n<\/div>\n<div style= \"text-align: left\">\n<p>Els pagaments de les comandes es poden fer amb targeta de cr\u00e8dit o d\u00e8bit a trav\u00e9s de<b><u>METODES PAGAMENT<\/u><\/b>.<\/p>\n<h3>Privadesa i seguretat<\/h3>\n<p>El sistema de pagament <b><u>METODES PAGAMENT<\/u><\/b>, s\u00f3n una manera fiable, segura i r\u00e0pida de fer pagaments per internet. En efecte, a l&#8217;\u00e9sser <b><u>METODES PAGAMENT<\/u><\/b> qui efectuen els cobraments directament als nostres clients, <b><u>GARCIA MARTIN, PAULINO<\/u><\/b> no tindr\u00e0 acc\u00e9s a les dades banc\u00e0ries d&#8217;aquests \u00faltims.<br \/>\nHem contractat el certificat SSL, el qual protegeix la privacitat de l&#8217;usuari mentre navega o compra a la web.<br \/>\nPer a m\u00e9s informaci\u00f3, consulteu la nostra <a href=\"\/<u>LINK-politica-de-privadesa\/<\/u>&#8220;>Pol\u00edtica de Privadesa.<\/a> i la nostra <a href=\"<u>LINK-\/politica-de-cookies<\/u>\/&#8221;>Pol\u00edtica de Cookies<\/a>.<\/p>\n<\/div>\n","protected":false},"excerpt":{"rendered":"<p>M\u00c8TODE SEGUR DE PAGAMENT. Els pagaments de les comandes es poden fer amb targeta de cr\u00e8dit o d\u00e8bit a trav\u00e9s<\/p>\n","protected":false},"author":1,"featured_media":0,"parent":0,"menu_order":0,"comment_status":"closed","ping_status":"closed","template":"","meta":{"footnotes":""},"class_list":["post-22150","page","type-page","status-publish","hentry"],"yoast_head":"<!-- This site is optimized with the Yoast SEO plugin v26.5 - https:\/\/yoast.com\/wordpress\/plugins\/seo\/ -->\n<title>M\u00e9todo de pago Seguro - El teu perfum<\/title>\n<meta name=\"robots\" content=\"index, follow, max-snippet:-1, max-image-preview:large, max-video-preview:-1\" \/>\n<link rel=\"canonical\" href=\"https:\/\/elteuperfum.com\/metodo-de-pago-seguro\/\" \/>\n<meta property=\"og:locale\" content=\"ca_ES\" \/>\n<meta property=\"og:type\" content=\"article\" \/>\n<meta property=\"og:title\" content=\"M\u00e9todo de pago Seguro - El teu perfum\" \/>\n<meta property=\"og:description\" content=\"M\u00c8TODE SEGUR DE PAGAMENT. Els pagaments de les comandes es poden fer amb targeta de cr\u00e8dit o d\u00e8bit a trav\u00e9s\" \/>\n<meta property=\"og:url\" content=\"https:\/\/elteuperfum.com\/metodo-de-pago-seguro\/\" \/>\n<meta property=\"og:site_name\" content=\"El teu perfum\" \/>\n<meta property=\"article:modified_time\" content=\"2025-12-09T10:35:09+00:00\" \/>\n<meta name=\"twitter:card\" content=\"summary_large_image\" \/>\n<meta name=\"twitter:label1\" content=\"Temps estimat de lectura\" \/>\n\t<meta name=\"twitter:data1\" content=\"1 minut\" \/>\n<script type=\"application\/ld+json\" class=\"yoast-schema-graph\">{\"@context\":\"https:\/\/schema.org\",\"@graph\":[{\"@type\":\"WebPage\",\"@id\":\"https:\/\/elteuperfum.com\/metodo-de-pago-seguro\/\",\"url\":\"https:\/\/elteuperfum.com\/metodo-de-pago-seguro\/\",\"name\":\"M\u00e9todo de pago Seguro - El teu perfum\",\"isPartOf\":{\"@id\":\"https:\/\/elteuperfum.com\/#website\"},\"datePublished\":\"2025-11-25T05:53:12+00:00\",\"dateModified\":\"2025-12-09T10:35:09+00:00\",\"breadcrumb\":{\"@id\":\"https:\/\/elteuperfum.com\/metodo-de-pago-seguro\/#breadcrumb\"},\"inLanguage\":\"ca\",\"potentialAction\":[{\"@type\":\"ReadAction\",\"target\":[\"https:\/\/elteuperfum.com\/metodo-de-pago-seguro\/\"]}]},{\"@type\":\"BreadcrumbList\",\"@id\":\"https:\/\/elteuperfum.com\/metodo-de-pago-seguro\/#breadcrumb\",\"itemListElement\":[{\"@type\":\"ListItem\",\"position\":1,\"name\":\"Portada\",\"item\":\"https:\/\/elteuperfum.com\/ca\/\"},{\"@type\":\"ListItem\",\"position\":2,\"name\":\"M\u00e9todo de pago Seguro\"}]},{\"@type\":\"WebSite\",\"@id\":\"https:\/\/elteuperfum.com\/#website\",\"url\":\"https:\/\/elteuperfum.com\/\",\"name\":\"El teu perfum\",\"description\":\"La teva ess\u00e8ncia, al millor preu.\",\"potentialAction\":[{\"@type\":\"SearchAction\",\"target\":{\"@type\":\"EntryPoint\",\"urlTemplate\":\"https:\/\/elteuperfum.com\/?s={search_term_string}\"},\"query-input\":{\"@type\":\"PropertyValueSpecification\",\"valueRequired\":true,\"valueName\":\"search_term_string\"}}],\"inLanguage\":\"ca\"}]}<\/script>\n<!-- \/ Yoast SEO plugin. -->","yoast_head_json":{"title":"M\u00e9todo de pago Seguro - El teu perfum","robots":{"index":"index","follow":"follow","max-snippet":"max-snippet:-1","max-image-preview":"max-image-preview:large","max-video-preview":"max-video-preview:-1"},"canonical":"https:\/\/elteuperfum.com\/metodo-de-pago-seguro\/","og_locale":"ca_ES","og_type":"article","og_title":"M\u00e9todo de pago Seguro - El teu perfum","og_description":"M\u00c8TODE SEGUR DE PAGAMENT. Els pagaments de les comandes es poden fer amb targeta de cr\u00e8dit o d\u00e8bit a trav\u00e9s","og_url":"https:\/\/elteuperfum.com\/metodo-de-pago-seguro\/","og_site_name":"El teu perfum","article_modified_time":"2025-12-09T10:35:09+00:00","twitter_card":"summary_large_image","twitter_misc":{"Temps estimat de lectura":"1 minut"},"schema":{"@context":"https:\/\/schema.org","@graph":[{"@type":"WebPage","@id":"https:\/\/elteuperfum.com\/metodo-de-pago-seguro\/","url":"https:\/\/elteuperfum.com\/metodo-de-pago-seguro\/","name":"M\u00e9todo de pago Seguro - El teu perfum","isPartOf":{"@id":"https:\/\/elteuperfum.com\/#website"},"datePublished":"2025-11-25T05:53:12+00:00","dateModified":"2025-12-09T10:35:09+00:00","breadcrumb":{"@id":"https:\/\/elteuperfum.com\/metodo-de-pago-seguro\/#breadcrumb"},"inLanguage":"ca","potentialAction":[{"@type":"ReadAction","target":["https:\/\/elteuperfum.com\/metodo-de-pago-seguro\/"]}]},{"@type":"BreadcrumbList","@id":"https:\/\/elteuperfum.com\/metodo-de-pago-seguro\/#breadcrumb","itemListElement":[{"@type":"ListItem","position":1,"name":"Portada","item":"https:\/\/elteuperfum.com\/ca\/"},{"@type":"ListItem","position":2,"name":"M\u00e9todo de pago Seguro"}]},{"@type":"WebSite","@id":"https:\/\/elteuperfum.com\/#website","url":"https:\/\/elteuperfum.com\/","name":"El teu perfum","description":"La teva ess\u00e8ncia, al millor preu.","potentialAction":[{"@type":"SearchAction","target":{"@type":"EntryPoint","urlTemplate":"https:\/\/elteuperfum.com\/?s={search_term_string}"},"query-input":{"@type":"PropertyValueSpecification","valueRequired":true,"valueName":"search_term_string"}}],"inLanguage":"ca"}]}},"_links":{"self":[{"href":"https:\/\/elteuperfum.com\/ca\/wp-json\/wp\/v2\/pages\/22150","targetHints":{"allow":["GET"]}}],"collection":[{"href":"https:\/\/elteuperfum.com\/ca\/wp-json\/wp\/v2\/pages"}],"about":[{"href":"https:\/\/elteuperfum.com\/ca\/wp-json\/wp\/v2\/types\/page"}],"author":[{"embeddable":true,"href":"https:\/\/elteuperfum.com\/ca\/wp-json\/wp\/v2\/users\/1"}],"replies":[{"embeddable":true,"href":"https:\/\/elteuperfum.com\/ca\/wp-json\/wp\/v2\/comments?post=22150"}],"version-history":[{"count":1,"href":"https:\/\/elteuperfum.com\/ca\/wp-json\/wp\/v2\/pages\/22150\/revisions"}],"predecessor-version":[{"id":22151,"href":"https:\/\/elteuperfum.com\/ca\/wp-json\/wp\/v2\/pages\/22150\/revisions\/22151"}],"wp:attachment":[{"href":"https:\/\/elteuperfum.com\/ca\/wp-json\/wp\/v2\/media?parent=22150"}],"curies":[{"name":"wp","href":"https:\/\/api.w.org\/{rel}","templated":true}]}}